{"id":286,"date":"2016-10-31T13:17:59","date_gmt":"2016-10-31T16:17:59","guid":{"rendered":"https:\/\/dfd-caba.infd.edu.ar\/sitio\/?page_id=286"},"modified":"2020-11-30T14:45:08","modified_gmt":"2020-11-30T17:45:08","slug":"inicio","status":"publish","type":"page","link":"https:\/\/ucsfd-caba.infd.edu.ar\/sitio\/","title":{"rendered":"Inicio"},"content":{"rendered":"<p>Unidad de Coordinaci\u00f3n del Sistema de Formaci\u00f3n Docente<\/p>\n<table id=\"table1\" style=\"border-top-width: 0px; border-left-width: 0px; border-right-width: 0px; width: 500px;\" border=\"1\" cellspacing=\"0\" cellpadding=\"10\"><\/table>\n<table id=\"table1\" style=\"width: 100%; text-align: center;\" border=\"1\" cellspacing=\"0\" cellpadding=\"10\">\n<tbody style=\"text-align: left;\">\n<tr style=\"text-align: left;\">\n<td style=\"text-align: left; border: 1px solid;\">El objetivo fundamental de esta estructura de gobierno es la formulaci\u00f3n de la pol\u00edtica educativa para el nivel superior de formaci\u00f3n docente de la Ciudad Aut\u00f3noma de Buenos Aires en su conjunto. Apunta a la construcci\u00f3n de un sistema que atienda a la diversidad y complejidad de los Institutos de Formaci\u00f3n Docente y a su fortalecimiento y mejora continua, en di\u00e1logo con el conjunto de las instituciones p\u00fablicas y privadas, terciarias y universitarias que forman docentes en la Ciudad de Buenos Aires.<\/p>\n<p><span style=\"font-size: 14pt; color: black; font-family: Verdana;\"><img decoding=\"async\" class=\"aligncenter\" src=\"https:\/\/ucsfd-caba.infd.edu.ar\/sitio\/wp-content\/uploads\/2018\/08\/la_red.jpg\" alt=\"Red virtual\" border=\"0\" hspace=\"10\" \/><\/span><\/p>\n<p>Junto con varios cientos de Institutos, integramos la <em><strong>Red\u00a0Virtual de Institutos Superiores de Formaci\u00f3n Docente<\/strong><\/em>\u00a0coordinada por el <strong>INFD<\/strong> (Instituto Nacional de Formaci\u00f3n Docente) dependiente del Ministerio de Educaci\u00f3n de la Naci\u00f3n Argentina.<\/td>\n<\/tr>\n<\/tbody>\n<\/table>\n","protected":false},"excerpt":{"rendered":"<p>Unidad de Coordinaci\u00f3n del Sistema de Formaci\u00f3n Docente El objetivo fundamental de esta estructura de gobierno es la formulaci\u00f3n de la pol\u00edtica educativa para el nivel superior de formaci\u00f3n docente de la Ciudad Aut\u00f3noma de Buenos Aires en su conjunto. Apunta a la construcci\u00f3n de un sistema que atienda a la diversidad y complejidad de &#8230; <a title=\"Inicio\" class=\"read-more\" href=\"https:\/\/ucsfd-caba.infd.edu.ar\/sitio\/\" aria-label=\"More on Inicio\">[+]<\/a><\/p>\n","protected":false},"author":1,"featured_media":0,"parent":0,"menu_order":0,"comment_status":"closed","ping_status":"closed","template":"","meta":[],"acf":[],"_links":{"self":[{"href":"https:\/\/ucsfd-caba.infd.edu.ar\/sitio\/wp-json\/wp\/v2\/pages\/286"}],"collection":[{"href":"https:\/\/ucsfd-caba.infd.edu.ar\/sitio\/wp-json\/wp\/v2\/pages"}],"about":[{"href":"https:\/\/ucsfd-caba.infd.edu.ar\/sitio\/wp-json\/wp\/v2\/types\/page"}],"author":[{"embeddable":true,"href":"https:\/\/ucsfd-caba.infd.edu.ar\/sitio\/wp-json\/wp\/v2\/users\/1"}],"replies":[{"embeddable":true,"href":"https:\/\/ucsfd-caba.infd.edu.ar\/sitio\/wp-json\/wp\/v2\/comments?post=286"}],"version-history":[{"count":80,"href":"https:\/\/ucsfd-caba.infd.edu.ar\/sitio\/wp-json\/wp\/v2\/pages\/286\/revisions"}],"predecessor-version":[{"id":794,"href":"https:\/\/ucsfd-caba.infd.edu.ar\/sitio\/wp-json\/wp\/v2\/pages\/286\/revisions\/794"}],"wp:attachment":[{"href":"https:\/\/ucsfd-caba.infd.edu.ar\/sitio\/wp-json\/wp\/v2\/media?parent=286"}],"curies":[{"name":"wp","href":"https:\/\/api.w.org\/{rel}","templated":true}]}}